{"id":201,"date":"2025-11-30T21:27:47","date_gmt":"2025-11-30T20:27:47","guid":{"rendered":"https:\/\/fotonauk.com\/fotoprojekt365\/?page_id=201"},"modified":"2025-11-30T21:27:47","modified_gmt":"2025-11-30T20:27:47","slug":"o-foto-projektu-365","status":"publish","type":"page","link":"https:\/\/fotonauk.com\/fotoprojekt365\/o-foto-projektu-365\/","title":{"rendered":"O &#8220;Foto projektu 365&#8221;"},"content":{"rendered":"\n<p><strong>&#8220;Foto projekt 365&#8221; je odli\u010dan i jednostavan, ali u\u010dinkovit na\u010din za razvoj fotografskih vje\u0161tina<\/strong>. Projekt i<strong>ma vrlo jednostavno pravilo: snimanje i izbor jedne fotografije dnevno tijekom 365 dana zaredom<\/strong>. \u0160to se <strong>motiva ti\u010de<\/strong>, a takva su pravila &#8220;Foto projekta 365&#8221;, mo\u017ee se <strong>biti vrlo odre\u0111en ili op\u0107enit <\/strong>u odabiru motiva. <strong>Tehnike snimanja<\/strong> tako\u0111er <strong>nisu specificirane<\/strong>, tako da u tome dijelu autori tako\u0111er imaju potpunu slobodu. I na kraju, <strong>jedini zahtjev je snimiti barem jednu fotografiju svaki dan<\/strong>.<\/p>\n\n\n\n<div style=\"height:20px\" aria-hidden=\"true\" class=\"wp-block-spacer\"><\/div>\n\n\n\n<h2 class=\"wp-block-heading\"><strong>Za\u0161to ulazim u ovaj &#8220;Foto projekt 365&#8221;<\/strong><\/h2>\n\n\n\n<p><strong>Glavni motiv je intenzivnije bavljenje fotografijom, medijem kojim se mo\u017ee ispri\u010dati pri\u010da na vrlo specifi\u010dan na\u010din. <\/strong>Osim \u0161to \u0107u vi\u0161e fotografirati, <strong>o\u010dekujem dodatno, filigransko, pobolj\u0161avanje fotografskog izri\u010daja. <\/strong>Nikako se ne smije zanemariti i <strong>dokumentiranje godine<\/strong> u kojoj traje projekt. Ho\u0107e li biti <strong>eksperimentiranja svjetlom, kompozicijom, motivima, opremom<\/strong>, tek ostaje vidjeti&#8230;vjerujem kako je sve mogu\u0107e \ud83d\ude42<\/p>\n\n\n\n<p><strong>Drugi motiv je pronala\u017eenje rutine, pronalazak i osloba\u0111anje vremena za fotografiranje.<\/strong> Dana\u0161njica je vrlo dinami\u010dna i te\u0161ko je planirati i jedan dan, a kamo li tjedan unaprijed. Biti \u0107e izazovno, ali u tom izazovu i le\u017ei privla\u010dnost ovoga projekta. Va\u017eno je ne odustati i postati bolji u planiranju.<\/p>\n\n\n\n<div style=\"height:20px\" aria-hidden=\"true\" class=\"wp-block-spacer\"><\/div>\n\n\n\n<h2 class=\"wp-block-heading\"><strong>Kako \u0107u voditi &#8220;Foto projekt 365&#8221;<\/strong><\/h2>\n\n\n\n<h3 class=\"wp-block-heading\"><strong>Vo\u0111enje projekta<\/strong><\/h3>\n\n\n\n<p>Ideja je <strong>voditi ovaj projekt samostalno<\/strong>, bez ikakvog live ili on-line utjecaja. Prilagoditi \u0107u &#8220;Foto projekt 365&#8221; i <strong>raditi po vlastitim pravilima i inspiraciji.<\/strong> Motiva je bezbroj, sve \u0161to me okru\u017euje, sve \u0161to vidim, \u0161to mi se svi\u0111a ili ne svi\u0111a&#8230; sve mo\u017ee biti motiv za fotografiranje.<\/p>\n\n\n\n<div style=\"height:15px\" aria-hidden=\"true\" class=\"wp-block-spacer\"><\/div>\n\n\n\n<h3 class=\"wp-block-heading\"><strong>Fotografska oprema za projekt<\/strong><\/h3>\n\n\n\n<p>Fotografirati \u0107u <strong>digitalnim fotoaparatima (DSLR i Mirrorless)<\/strong>. Ukoliko se iznenada dogoditi trenutak vrijedan fotografiranja, a mo\u017eda <strong>\u0107u biti bez foto opreme, &#8220;u pomo\u0107&#8221; \u0107e usko\u010diti smartphone<\/strong>.<\/p>\n\n\n\n<div style=\"height:15px\" aria-hidden=\"true\" class=\"wp-block-spacer\"><\/div>\n\n\n\n<figure class=\"wp-block-image size-large\"><img decoding=\"async\" width=\"1024\" height=\"683\" data-src=\"https:\/\/fotonauk.com\/fotoprojekt365\/wp-content\/uploads\/2025\/11\/fotonauk-objektiv-ili-rijelo-fotoaparata-1024x683.jpg\" alt=\"Foto projekt 365 foto oprema\" class=\"wp-image-211 lazyload\" data-srcset=\"https:\/\/fotonauk.com\/fotoprojekt365\/wp-content\/uploads\/2025\/11\/fotonauk-objektiv-ili-rijelo-fotoaparata-1024x683.jpg 1024w, https:\/\/fotonauk.com\/fotoprojekt365\/wp-content\/uploads\/2025\/11\/fotonauk-objektiv-ili-rijelo-fotoaparata-300x200.jpg 300w, https:\/\/fotonauk.com\/fotoprojekt365\/wp-content\/uploads\/2025\/11\/fotonauk-objektiv-ili-rijelo-fotoaparata-768x512.jpg 768w, https:\/\/fotonauk.com\/fotoprojekt365\/wp-content\/uploads\/2025\/11\/fotonauk-objektiv-ili-rijelo-fotoaparata-1140x760.jpg 1140w, https:\/\/fotonauk.com\/fotoprojekt365\/wp-content\/uploads\/2025\/11\/fotonauk-objektiv-ili-rijelo-fotoaparata.jpg 1200w\" data-sizes=\"(max-width: 1024px) 100vw, 1024px\" src=\"data:image\/svg+xml;base64,PHN2ZyB3aWR0aD0iMSIgaGVpZ2h0PSIxIiB4bWxucz0iaHR0cDovL3d3dy53My5vcmcvMjAwMC9zdmciPjwvc3ZnPg==\" style=\"--smush-placeholder-width: 1024px; --smush-placeholder-aspect-ratio: 1024\/683;\" \/><\/figure>\n\n\n\n<div style=\"height:15px\" aria-hidden=\"true\" class=\"wp-block-spacer\"><\/div>\n\n\n\n<h3 class=\"wp-block-heading\"><strong> Dokumentiranje projekta<\/strong><\/h3>\n\n\n\n<p>Ovaj &#8220;Foto projekt 365&#8221; biti \u0107e <strong>dokumentiran na ovoj web stranici<\/strong> (<a href=\"https:\/\/fotonauk.com\/fotoprojekt365\/\"><strong><em>fotoprojekt365<\/em><\/strong><\/a>)i to kroz BLOG postove sa fotografijom za svaki dan i stvaranjem galerije sa svim fotografijama. Tako\u0111er \u0107u <strong>svakodnevno isti dokumentirati i na <em><a href=\"https:\/\/fotonauk.com\/\">Fotonauk<\/a><\/em> dru\u0161tvenim mre\u017eama (<em><a href=\"https:\/\/www.instagram.com\/fotonauk\/\">Instagram<\/a> <\/em>i<em> <a href=\"https:\/\/www.facebook.com\/Fotonauk\/\">Facebook<\/a><\/em>).<\/strong><\/p>\n\n\n\n<div style=\"height:15px\" aria-hidden=\"true\" class=\"wp-block-spacer\"><\/div>\n\n\n\n<div class=\"wp-block-buttons is-content-justification-center is-layout-flex wp-container-core-buttons-is-layout-a89b3969 wp-block-buttons-is-layout-flex\">\n<div class=\"wp-block-button\"><a class=\"wp-block-button__link has-vivid-cyan-blue-to-vivid-purple-gradient-background has-background wp-element-button\" href=\"https:\/\/www.instagram.com\/fotonauk\/\"><strong><em>Fotonauk Instagram<\/em><\/strong><\/a><\/div>\n\n\n\n<div class=\"wp-block-button\"><a class=\"wp-block-button__link has-midnight-gradient-background has-background wp-element-button\" href=\"https:\/\/www.facebook.com\/Fotonauk\/\"><strong><em>Fotonauk Facebook<\/em><\/strong><\/a><\/div>\n<\/div>\n\n\n\n<div style=\"height:20px\" aria-hidden=\"true\" class=\"wp-block-spacer\"><\/div>\n\n\n\n<blockquote class=\"wp-block-quote is-layout-flow wp-block-quote-is-layout-flow\">\n<p><strong><em>Autor fotografija je sva prava pridr\u017eao. Svako kopiranje i kori\u0161tenje fotografija bez pisane privole autora, smatrati \u0107e se kr\u0161enjem autorskih prava.  <\/em><\/strong><\/p>\n<\/blockquote>\n\n\n\n<div style=\"height:20px\" aria-hidden=\"true\" class=\"wp-block-spacer\"><\/div>\n\n\n\n<h2 class=\"wp-block-heading\"><strong>Po\u010detak i kraj ovog &#8220;Foto projekta 365&#8221;<\/strong><\/h2>\n\n\n\n<p><strong><em>Ovaj &#8220;Foto projekt 365&#8221; po\u010dinje 01.12.2025. godine i zavr\u0161ava istog datuma za godinu dana, odnosno 01.12.2026. godine. <\/em><\/strong>Dovr\u0161etak &#8220;Foto projekta 365&#8221; pru\u017ea osje\u0107aj postignu\u0107a i ostvarenja, \u0161to i jest, a ukoliko uspijem, biti \u0107u ponosan!<\/p>\n\n\n\n<p>Vrlo vjerojatno \u0107e se <strong>na kraju projekta napraviti video sa svim snimljenim fotografijama<\/strong>, a o izradi foto knjige za ovaj &#8220;Foto projekt 365&#8221; jo\u0161 \u0107u razmisliti, ima vremena, daleko je jo\u0161 trenutak kada \u0107e se trebati o tome odlu\u010divati.<\/p>\n\n\n\n<div style=\"height:16px\" aria-hidden=\"true\" class=\"wp-block-spacer\"><\/div>\n\n\n\n<p><strong><em>Fotonuak.com\/Zvonimir Kosinjski, prof.<\/em><\/strong><\/p>\n\n\n\n<div style=\"height:100px\" aria-hidden=\"true\" class=\"wp-block-spacer\"><\/div>\n","protected":false},"excerpt":{"rendered":"<p>&#8220;Foto projekt 365&#8221; je odli\u010dan i jednostavan, ali u\u010dinkovit na\u010din za razvoj fotografskih vje\u0161tina. Projekt ima vrlo jednostavno pravilo: snimanje i izbor jedne fotografije dnevno tijekom 365 dana zaredom. \u0160to se motiva ti\u010de, a takva su pravila &#8220;Foto projekta 365&#8221;, mo\u017ee se biti vrlo odre\u0111en ili op\u0107enit u odabiru motiva. Tehnike snimanja tako\u0111er nisu specificirane, tako da u tome dijelu autori tako\u0111er imaju potpunu slobodu. I na kraju, jedini zahtjev je snimiti barem jednu fotografiju svaki dan. Za\u0161to ulazim u ovaj &#8220;Foto projekt 365&#8221; Glavni motiv je intenzivnije bavljenje fotografijom, medijem kojim se mo\u017ee ispri\u010dati pri\u010da na vrlo specifi\u010dan na\u010din. Osim \u0161to \u0107u vi\u0161e fotografirati, o\u010dekujem dodatno, filigransko, pobolj\u0161avanje fotografskog izri\u010daja. Nikako se ne smije zanemariti i dokumentiranje godine u kojoj traje projekt. Ho\u0107e li biti eksperimentiranja svjetlom, kompozicijom, motivima, opremom, tek ostaje vidjeti&#8230;vjerujem kako je sve mogu\u0107e \ud83d\ude42 Drugi motiv je pronala\u017eenje rutine, pronalazak i osloba\u0111anje vremena za fotografiranje. Dana\u0161njica je vrlo dinami\u010dna i te\u0161ko je planirati i jedan dan, a kamo li tjedan unaprijed. Biti \u0107e izazovno, ali u tom izazovu i le\u017ei privla\u010dnost ovoga projekta. Va\u017eno je ne odustati i postati bolji u planiranju. Kako \u0107u voditi &#8220;Foto projekt 365&#8221; Vo\u0111enje projekta Ideja je voditi ovaj projekt samostalno, bez ikakvog live ili on-line utjecaja. Prilagoditi \u0107u &#8220;Foto projekt 365&#8221; i raditi po vlastitim pravilima i inspiraciji. Motiva je bezbroj, sve \u0161to me okru\u017euje, sve \u0161to vidim, \u0161to mi se svi\u0111a ili ne svi\u0111a&#8230; sve mo\u017ee biti motiv za fotografiranje. Fotografska oprema za projekt Fotografirati \u0107u digitalnim fotoaparatima (DSLR i Mirrorless). Ukoliko se iznenada dogoditi trenutak vrijedan fotografiranja, a mo\u017eda \u0107u biti bez foto opreme, &#8220;u pomo\u0107&#8221; \u0107e usko\u010diti smartphone. Dokumentiranje projekta Ovaj &#8220;Foto projekt 365&#8221; biti \u0107e dokumentiran na ovoj web stranici (fotoprojekt365)i to kroz BLOG postove sa fotografijom za svaki dan i stvaranjem galerije sa svim fotografijama. Tako\u0111er \u0107u svakodnevno isti dokumentirati i na Fotonauk dru\u0161tvenim mre\u017eama (Instagram i Facebook). Autor fotografija je sva prava pridr\u017eao. Svako kopiranje i kori\u0161tenje fotografija bez pisane privole autora, smatrati \u0107e se kr\u0161enjem autorskih prava. Po\u010detak i kraj ovog &#8220;Foto projekta 365&#8221; Ovaj &#8220;Foto projekt 365&#8221; po\u010dinje 01.12.2025. godine i zavr\u0161ava istog datuma za godinu dana, odnosno 01.12.2026. godine. Dovr\u0161etak &#8220;Foto projekta 365&#8221; pru\u017ea osje\u0107aj postignu\u0107a i ostvarenja, \u0161to i jest, a ukoliko uspijem, biti \u0107u ponosan! Vrlo vjerojatno \u0107e se na kraju projekta napraviti video sa svim snimljenim fotografijama, a o izradi foto knjige za ovaj &#8220;Foto projekt 365&#8221; jo\u0161 \u0107u razmisliti, ima vremena, daleko je jo\u0161 trenutak kada \u0107e se trebati o tome odlu\u010divati. Fotonuak.com\/Zvonimir Kosinjski, prof.<\/p>\n","protected":false},"author":1,"featured_media":209,"parent":0,"menu_order":0,"comment_status":"closed","ping_status":"closed","template":"","meta":{"footnotes":""},"class_list":["post-201","page","type-page","status-publish","has-post-thumbnail","hentry"],"yoast_head":"<!-- This site is optimized with the Yoast SEO plugin v27.4 - https:\/\/yoast.com\/product\/yoast-seo-wordpress\/ -->\n<title>O &quot;Foto projektu 365&quot; - Foto projekt 365<\/title>\n<meta name=\"description\" content=\"O &quot;Foto projektu 365&quot; - Projekt po\u010dinje 01.12.2025. godine i zavr\u0161ava 01.12.2026. godine, a voditi \u0107u ga i dokumentirati samostalno.\" \/>\n<meta name=\"robots\" content=\"index, follow, max-snippet:-1, max-image-preview:large, max-video-preview:-1\" \/>\n<link rel=\"canonical\" href=\"https:\/\/fotonauk.com\/fotoprojekt365\/o-foto-projektu-365\/\" \/>\n<meta property=\"og:locale\" content=\"hr_HR\" \/>\n<meta property=\"og:type\" content=\"article\" \/>\n<meta property=\"og:title\" content=\"O &quot;Foto projektu 365&quot; - Foto projekt 365\" \/>\n<meta property=\"og:description\" content=\"O &quot;Foto projektu 365&quot; - Projekt po\u010dinje 01.12.2025. godine i zavr\u0161ava 01.12.2026. godine, a voditi \u0107u ga i dokumentirati samostalno.\" \/>\n<meta property=\"og:url\" content=\"https:\/\/fotonauk.com\/fotoprojekt365\/o-foto-projektu-365\/\" \/>\n<meta property=\"og:site_name\" content=\"Foto projekt 365\" \/>\n<meta property=\"article:publisher\" content=\"https:\/\/www.facebook.com\/Fotonauk\" \/>\n<meta property=\"og:image\" content=\"https:\/\/fotonauk.com\/fotoprojekt365\/wp-content\/uploads\/2025\/11\/Fotonauk-Foto-projekt-365.jpg\" \/>\n\t<meta property=\"og:image:width\" content=\"1920\" \/>\n\t<meta property=\"og:image:height\" content=\"1080\" \/>\n\t<meta property=\"og:image:type\" content=\"image\/jpeg\" \/>\n<meta name=\"twitter:card\" content=\"summary_large_image\" \/>\n<meta name=\"twitter:label1\" content=\"Procijenjeno vrijeme \u010ditanja\" \/>\n\t<meta name=\"twitter:data1\" content=\"3 minute\" \/>\n<script type=\"application\/ld+json\" class=\"yoast-schema-graph\">{\"@context\":\"https:\\\/\\\/schema.org\",\"@graph\":[{\"@type\":\"WebPage\",\"@id\":\"https:\\\/\\\/fotonauk.com\\\/fotoprojekt365\\\/o-foto-projektu-365\\\/\",\"url\":\"https:\\\/\\\/fotonauk.com\\\/fotoprojekt365\\\/o-foto-projektu-365\\\/\",\"name\":\"O \\\"Foto projektu 365\\\" - Foto projekt 365\",\"isPartOf\":{\"@id\":\"https:\\\/\\\/fotonauk.com\\\/fotoprojekt365\\\/#website\"},\"primaryImageOfPage\":{\"@id\":\"https:\\\/\\\/fotonauk.com\\\/fotoprojekt365\\\/o-foto-projektu-365\\\/#primaryimage\"},\"image\":{\"@id\":\"https:\\\/\\\/fotonauk.com\\\/fotoprojekt365\\\/o-foto-projektu-365\\\/#primaryimage\"},\"thumbnailUrl\":\"https:\\\/\\\/fotonauk.com\\\/fotoprojekt365\\\/wp-content\\\/uploads\\\/2025\\\/11\\\/Fotonauk-Foto-projekt-365.jpg\",\"datePublished\":\"2025-11-30T20:27:47+00:00\",\"description\":\"O \\\"Foto projektu 365\\\" - Projekt po\u010dinje 01.12.2025. godine i zavr\u0161ava 01.12.2026. godine, a voditi \u0107u ga i dokumentirati samostalno.\",\"breadcrumb\":{\"@id\":\"https:\\\/\\\/fotonauk.com\\\/fotoprojekt365\\\/o-foto-projektu-365\\\/#breadcrumb\"},\"inLanguage\":\"hr\",\"potentialAction\":[{\"@type\":\"ReadAction\",\"target\":[\"https:\\\/\\\/fotonauk.com\\\/fotoprojekt365\\\/o-foto-projektu-365\\\/\"]}]},{\"@type\":\"ImageObject\",\"inLanguage\":\"hr\",\"@id\":\"https:\\\/\\\/fotonauk.com\\\/fotoprojekt365\\\/o-foto-projektu-365\\\/#primaryimage\",\"url\":\"https:\\\/\\\/fotonauk.com\\\/fotoprojekt365\\\/wp-content\\\/uploads\\\/2025\\\/11\\\/Fotonauk-Foto-projekt-365.jpg\",\"contentUrl\":\"https:\\\/\\\/fotonauk.com\\\/fotoprojekt365\\\/wp-content\\\/uploads\\\/2025\\\/11\\\/Fotonauk-Foto-projekt-365.jpg\",\"width\":1920,\"height\":1080,\"caption\":\"Fotonauk Foto projekt 365\"},{\"@type\":\"BreadcrumbList\",\"@id\":\"https:\\\/\\\/fotonauk.com\\\/fotoprojekt365\\\/o-foto-projektu-365\\\/#breadcrumb\",\"itemListElement\":[{\"@type\":\"ListItem\",\"position\":1,\"name\":\"Po\u010detna stranica\",\"item\":\"https:\\\/\\\/fotonauk.com\\\/fotoprojekt365\\\/\"},{\"@type\":\"ListItem\",\"position\":2,\"name\":\"O &#8220;Foto projektu 365&#8221;\"}]},{\"@type\":\"WebSite\",\"@id\":\"https:\\\/\\\/fotonauk.com\\\/fotoprojekt365\\\/#website\",\"url\":\"https:\\\/\\\/fotonauk.com\\\/fotoprojekt365\\\/\",\"name\":\"fotoprojekt 365\",\"description\":\"Samostalni jednogodi\u0161nji Fotografski projekt 365\",\"publisher\":{\"@id\":\"https:\\\/\\\/fotonauk.com\\\/fotoprojekt365\\\/#organization\"},\"potentialAction\":[{\"@type\":\"SearchAction\",\"target\":{\"@type\":\"EntryPoint\",\"urlTemplate\":\"https:\\\/\\\/fotonauk.com\\\/fotoprojekt365\\\/?s={search_term_string}\"},\"query-input\":{\"@type\":\"PropertyValueSpecification\",\"valueRequired\":true,\"valueName\":\"search_term_string\"}}],\"inLanguage\":\"hr\"},{\"@type\":\"Organization\",\"@id\":\"https:\\\/\\\/fotonauk.com\\\/fotoprojekt365\\\/#organization\",\"name\":\"fotoprojekt 365\",\"url\":\"https:\\\/\\\/fotonauk.com\\\/fotoprojekt365\\\/\",\"logo\":{\"@type\":\"ImageObject\",\"inLanguage\":\"hr\",\"@id\":\"https:\\\/\\\/fotonauk.com\\\/fotoprojekt365\\\/#\\\/schema\\\/logo\\\/image\\\/\",\"url\":\"https:\\\/\\\/fotonauk.com\\\/fotoprojekt365\\\/wp-content\\\/uploads\\\/2025\\\/11\\\/cropped-365projekt.jpg\",\"contentUrl\":\"https:\\\/\\\/fotonauk.com\\\/fotoprojekt365\\\/wp-content\\\/uploads\\\/2025\\\/11\\\/cropped-365projekt.jpg\",\"width\":512,\"height\":512,\"caption\":\"fotoprojekt 365\"},\"image\":{\"@id\":\"https:\\\/\\\/fotonauk.com\\\/fotoprojekt365\\\/#\\\/schema\\\/logo\\\/image\\\/\"},\"sameAs\":[\"https:\\\/\\\/www.facebook.com\\\/Fotonauk\",\"https:\\\/\\\/www.instagram.com\\\/fotonauk\\\/\"]}]}<\/script>\n<!-- \/ Yoast SEO plugin. -->","yoast_head_json":{"title":"O \"Foto projektu 365\" - Foto projekt 365","description":"O \"Foto projektu 365\" - Projekt po\u010dinje 01.12.2025. godine i zavr\u0161ava 01.12.2026. godine, a voditi \u0107u ga i dokumentirati samostalno.","robots":{"index":"index","follow":"follow","max-snippet":"max-snippet:-1","max-image-preview":"max-image-preview:large","max-video-preview":"max-video-preview:-1"},"canonical":"https:\/\/fotonauk.com\/fotoprojekt365\/o-foto-projektu-365\/","og_locale":"hr_HR","og_type":"article","og_title":"O \"Foto projektu 365\" - Foto projekt 365","og_description":"O \"Foto projektu 365\" - Projekt po\u010dinje 01.12.2025. godine i zavr\u0161ava 01.12.2026. godine, a voditi \u0107u ga i dokumentirati samostalno.","og_url":"https:\/\/fotonauk.com\/fotoprojekt365\/o-foto-projektu-365\/","og_site_name":"Foto projekt 365","article_publisher":"https:\/\/www.facebook.com\/Fotonauk","og_image":[{"width":1920,"height":1080,"url":"https:\/\/fotonauk.com\/fotoprojekt365\/wp-content\/uploads\/2025\/11\/Fotonauk-Foto-projekt-365.jpg","type":"image\/jpeg"}],"twitter_card":"summary_large_image","twitter_misc":{"Procijenjeno vrijeme \u010ditanja":"3 minute"},"schema":{"@context":"https:\/\/schema.org","@graph":[{"@type":"WebPage","@id":"https:\/\/fotonauk.com\/fotoprojekt365\/o-foto-projektu-365\/","url":"https:\/\/fotonauk.com\/fotoprojekt365\/o-foto-projektu-365\/","name":"O \"Foto projektu 365\" - Foto projekt 365","isPartOf":{"@id":"https:\/\/fotonauk.com\/fotoprojekt365\/#website"},"primaryImageOfPage":{"@id":"https:\/\/fotonauk.com\/fotoprojekt365\/o-foto-projektu-365\/#primaryimage"},"image":{"@id":"https:\/\/fotonauk.com\/fotoprojekt365\/o-foto-projektu-365\/#primaryimage"},"thumbnailUrl":"https:\/\/fotonauk.com\/fotoprojekt365\/wp-content\/uploads\/2025\/11\/Fotonauk-Foto-projekt-365.jpg","datePublished":"2025-11-30T20:27:47+00:00","description":"O \"Foto projektu 365\" - Projekt po\u010dinje 01.12.2025. godine i zavr\u0161ava 01.12.2026. godine, a voditi \u0107u ga i dokumentirati samostalno.","breadcrumb":{"@id":"https:\/\/fotonauk.com\/fotoprojekt365\/o-foto-projektu-365\/#breadcrumb"},"inLanguage":"hr","potentialAction":[{"@type":"ReadAction","target":["https:\/\/fotonauk.com\/fotoprojekt365\/o-foto-projektu-365\/"]}]},{"@type":"ImageObject","inLanguage":"hr","@id":"https:\/\/fotonauk.com\/fotoprojekt365\/o-foto-projektu-365\/#primaryimage","url":"https:\/\/fotonauk.com\/fotoprojekt365\/wp-content\/uploads\/2025\/11\/Fotonauk-Foto-projekt-365.jpg","contentUrl":"https:\/\/fotonauk.com\/fotoprojekt365\/wp-content\/uploads\/2025\/11\/Fotonauk-Foto-projekt-365.jpg","width":1920,"height":1080,"caption":"Fotonauk Foto projekt 365"},{"@type":"BreadcrumbList","@id":"https:\/\/fotonauk.com\/fotoprojekt365\/o-foto-projektu-365\/#breadcrumb","itemListElement":[{"@type":"ListItem","position":1,"name":"Po\u010detna stranica","item":"https:\/\/fotonauk.com\/fotoprojekt365\/"},{"@type":"ListItem","position":2,"name":"O &#8220;Foto projektu 365&#8221;"}]},{"@type":"WebSite","@id":"https:\/\/fotonauk.com\/fotoprojekt365\/#website","url":"https:\/\/fotonauk.com\/fotoprojekt365\/","name":"fotoprojekt 365","description":"Samostalni jednogodi\u0161nji Fotografski projekt 365","publisher":{"@id":"https:\/\/fotonauk.com\/fotoprojekt365\/#organization"},"potentialAction":[{"@type":"SearchAction","target":{"@type":"EntryPoint","urlTemplate":"https:\/\/fotonauk.com\/fotoprojekt365\/?s={search_term_string}"},"query-input":{"@type":"PropertyValueSpecification","valueRequired":true,"valueName":"search_term_string"}}],"inLanguage":"hr"},{"@type":"Organization","@id":"https:\/\/fotonauk.com\/fotoprojekt365\/#organization","name":"fotoprojekt 365","url":"https:\/\/fotonauk.com\/fotoprojekt365\/","logo":{"@type":"ImageObject","inLanguage":"hr","@id":"https:\/\/fotonauk.com\/fotoprojekt365\/#\/schema\/logo\/image\/","url":"https:\/\/fotonauk.com\/fotoprojekt365\/wp-content\/uploads\/2025\/11\/cropped-365projekt.jpg","contentUrl":"https:\/\/fotonauk.com\/fotoprojekt365\/wp-content\/uploads\/2025\/11\/cropped-365projekt.jpg","width":512,"height":512,"caption":"fotoprojekt 365"},"image":{"@id":"https:\/\/fotonauk.com\/fotoprojekt365\/#\/schema\/logo\/image\/"},"sameAs":["https:\/\/www.facebook.com\/Fotonauk","https:\/\/www.instagram.com\/fotonauk\/"]}]}},"_links":{"self":[{"href":"https:\/\/fotonauk.com\/fotoprojekt365\/wp-json\/wp\/v2\/pages\/201","targetHints":{"allow":["GET"]}}],"collection":[{"href":"https:\/\/fotonauk.com\/fotoprojekt365\/wp-json\/wp\/v2\/pages"}],"about":[{"href":"https:\/\/fotonauk.com\/fotoprojekt365\/wp-json\/wp\/v2\/types\/page"}],"author":[{"embeddable":true,"href":"https:\/\/fotonauk.com\/fotoprojekt365\/wp-json\/wp\/v2\/users\/1"}],"replies":[{"embeddable":true,"href":"https:\/\/fotonauk.com\/fotoprojekt365\/wp-json\/wp\/v2\/comments?post=201"}],"version-history":[{"count":8,"href":"https:\/\/fotonauk.com\/fotoprojekt365\/wp-json\/wp\/v2\/pages\/201\/revisions"}],"predecessor-version":[{"id":212,"href":"https:\/\/fotonauk.com\/fotoprojekt365\/wp-json\/wp\/v2\/pages\/201\/revisions\/212"}],"wp:featuredmedia":[{"embeddable":true,"href":"https:\/\/fotonauk.com\/fotoprojekt365\/wp-json\/wp\/v2\/media\/209"}],"wp:attachment":[{"href":"https:\/\/fotonauk.com\/fotoprojekt365\/wp-json\/wp\/v2\/media?parent=201"}],"curies":[{"name":"wp","href":"https:\/\/api.w.org\/{rel}","templated":true}]}}